{"id":4617,"date":"2022-11-08T08:07:32","date_gmt":"2022-11-08T07:07:32","guid":{"rendered":"https:\/\/jewgeniabilliani.com\/?page_id=4617"},"modified":"2024-12-12T14:34:39","modified_gmt":"2024-12-12T13:34:39","slug":"imprint","status":"publish","type":"page","link":"https:\/\/jewgeniabilliani.com\/de\/imprint\/","title":{"rendered":"Impressum"},"content":{"rendered":"<div data-elementor-type=\"wp-page\" data-elementor-id=\"4617\" class=\"elementor elementor-4617\" data-elementor-post-type=\"page\">\n\t\t\t\t\t\t<section class=\"elementor-section elementor-top-section elementor-element elementor-element-3a0efb7 elementor-section-boxed elementor-section-height-default elementor-section-height-default\" data-id=\"3a0efb7\" data-element_type=\"section\" data-e-type=\"section\">\n\t\t\t\t\t\t<div class=\"elementor-container elementor-column-gap-default\">\n\t\t\t\t\t<div class=\"elementor-column elementor-col-100 elementor-top-column elementor-element elementor-element-443a289\" data-id=\"443a289\" data-element_type=\"column\" data-e-type=\"column\" data-settings=\"{&quot;mauve_hidepaged&quot;:&quot;false&quot;}\">\n\t\t\t<div class=\"elementor-widget-wrap elementor-element-populated\">\n\t\t\t\t\t\t<div class=\"elementor-element elementor-element-3ac8c24 elementor-widget elementor-widget-spacer\" data-id=\"3ac8c24\" data-element_type=\"widget\" data-e-type=\"widget\" data-settings=\"{&quot;mauve_hidepaged&quot;:&quot;false&quot;}\" data-widget_type=\"spacer.default\">\n\t\t\t\t<div class=\"elementor-widget-container\">\n\t\t\t\t\t\t\t<div class=\"elementor-spacer\">\n\t\t\t<div class=\"elementor-spacer-inner\"><\/div>\n\t\t<\/div>\n\t\t\t\t\t\t<\/div>\n\t\t\t\t<\/div>\n\t\t\t\t<div class=\"elementor-element elementor-element-525ae50 elementor-widget elementor-widget-heading\" data-id=\"525ae50\" data-element_type=\"widget\" data-e-type=\"widget\" data-settings=\"{&quot;mauve_hidepaged&quot;:&quot;false&quot;}\" data-widget_type=\"heading.default\">\n\t\t\t\t<div class=\"elementor-widget-container\">\n\t\t\t\t\t<h2 class=\"elementor-heading-title elementor-size-default\">IMPRESSUM<\/h2>\t\t\t\t<\/div>\n\t\t\t\t<\/div>\n\t\t\t\t\t<\/div>\n\t\t<\/div>\n\t\t\t\t\t<\/div>\n\t\t<\/section>\n\t\t\t\t<section class=\"elementor-section elementor-top-section elementor-element elementor-element-01f31dc elementor-section-boxed elementor-section-height-default elementor-section-height-default\" data-id=\"01f31dc\" data-element_type=\"section\" data-e-type=\"section\">\n\t\t\t\t\t\t<div class=\"elementor-container elementor-column-gap-default\">\n\t\t\t\t\t<div class=\"elementor-column elementor-col-100 elementor-top-column elementor-element elementor-element-1d6adba\" data-id=\"1d6adba\" data-element_type=\"column\" data-e-type=\"column\" data-settings=\"{&quot;mauve_hidepaged&quot;:&quot;false&quot;}\">\n\t\t\t<div class=\"elementor-widget-wrap elementor-element-populated\">\n\t\t\t\t\t\t<div class=\"elementor-element elementor-element-4199dd2 elementor-widget elementor-widget-text-editor\" data-id=\"4199dd2\" data-element_type=\"widget\" data-e-type=\"widget\" data-settings=\"{&quot;mauve_hidepaged&quot;:&quot;false&quot;}\" data-widget_type=\"text-editor.default\">\n\t\t\t\t<div class=\"elementor-widget-container\">\n\t\t\t\t\t\t\t\t\t<p>Informationspflicht laut \u00a75 E-Commerce Gesetz, \u00a714 Unternehmensgesetzbuch, \u00a763 Gewerbeordnung und Offenlegungspflicht laut \u00a724\u00a0Mediengesetz.<\/p><p>Jewgenia Billiani<br \/>Leystra\u00dfe 154\/96<br \/>1020 Wien<br \/>\u00d6sterreich<br \/>Email: <a rel=\"noopener\">hello@jewgeniabilliani.com<\/a><\/p><p>Unternehmensgegenstand: Berufsfotograf<br \/>Firmensitz: Leystra\u00dfe 154\/96 1020 Wien<br \/>Steuernummer: 07 390\/3007<\/p><p>Mitglied bei: WKO \u2013 Landesinnung der Berufsfotografen<\/p><p>Berufsrecht: Gewerbeordnung: www.ris.bka.gv.at <a href=\"http:\/\/www.ris.bka.gv.at\/\" target=\"_new\" rel=\"noopener\">www.ris.bka.gv.at<\/a><br \/><br \/>Berufsbezeichnung: Berufsfotograf<br \/>Verleihungsstaat: \u00d6sterreich<\/p><p><strong>Datenschutzbeauftragte:<\/strong><br \/>Jewgenia Billiani<br \/>Leystra\u00dfe 154\/96<br \/>1020 Wien<br \/>\u00d6sterreich<br \/>Email: <a rel=\"noopener\">hello@jewgeniabilliani.com<\/a><\/p><p><strong>Haftung f\u00fcr Inhalt<\/strong><br \/>Die Inhalte meiner Seite wurden mit gr\u00f6\u00dfter Sorgfalt erstellt. F\u00fcr die Richtigkeit, Vollst\u00e4ndigkeit und Aktualit\u00e4t der Inhalte kann ich jedoch\u00a0keine Gew\u00e4hr \u00fcbernehmen. Als Diensteanbieter bin ich gem\u00e4\u00df\u2002\u00a77 Abs.1 TMG f\u00fcr eigene Inhalte auf diesen Seiten nach den allgemeinen\u00a0Gesetzen verantwortlich. Nach \u00a78 bis \u00a710 TMG bin ich als Dienstanbieter jedoch nicht verpflichtet, \u00fcbermittelte oder gespeicherte fremde\u00a0Informationen zu \u00fcberwachen oder nach Umst\u00e4nden zu forschen, die auf eine rechtswidrige T\u00e4tigkeit hinweisen. Verpflichtungen zur\u00a0Entfernung oder Sperrung der Nutzung von Informationen nach den allgemeinen Gesetzen bleiben hiervon unber\u00fchrt. Eine diesbez\u00fcgliche\u00a0Haftung ist jedoch erst ab dem Zeitpunkt der Kenntnis einer konkreten Rechtsverletzung m\u00f6glich. Bei Bekanntwerden von entsprechenden\u00a0Rechtsverletzungen werden wir diese Inhalte umgehend entfernen.<\/p><p><strong>Haftung f\u00fcr Link<\/strong><br \/>Mein Angebot enth\u00e4lt Links zu externen Websites Dritter, auf deren Inhalte ich keinen Einfluss haben. Deshalb kann ich f\u00fcr diese fremden\u00a0Inhalte auch keine Gew\u00e4hr \u00fcbernehmen. F\u00fcr die Inhalte der verlinkten Seiten ist stets der jeweilige Anbieter oder Betreiber der Seiten\u00a0verantwortlich. Die verlinkten Seiten wurden zum Zeitpunkt der Verlinkung auf m\u00f6gliche Rechtsverst\u00f6\u00dfe \u00fcberpr\u00fcft. Rechtswidrige Inhalte\u00a0waren zum Zeitpunkt der Verlinkung nicht erkennbar.<\/p><p>Eine permanente inhaltliche Kontrolle der verlinkten Seiten ist jedoch ohne konkrete Anhaltspunkte einer Rechtsverletzung nicht zumutbar. Bei\u00a0Bekanntwerden von Rechtsverletzungen werde ich derartige Links umgehend entfernen.<\/p><p><strong>Urheberrecht<\/strong><br \/>Die durch die Seitenbetreiber erstellten Inhalte und Werke auf diesen Seiten unterliegen dem \u00f6sterreichischen Urheberrecht. Die Vervielf\u00e4ltigung,\u00a0Bearbeitung, Verbreitung und jede Art der Verwertung au\u00dferhalb der Grenzen des Urheberrechtes bed\u00fcrfen der schriftlichen Zustimmung des\u00a0jeweiligen Autors bzw. Erstellers. Downloads und Kopien dieser Seite sind nur f\u00fcr den privaten, nicht kommerziellen Gebrauch gestattet.<\/p><p>Soweit die Inhalte auf dieser Seite nicht vom Betreiber erstellt wurden, werden die Urheberrechte Dritter beachtet. Insbesondere werden\u00a0Inhalte Dritter als solche gekennzeichnet. Sollten Sie trotzdem auf eine Urheberrechtsverletzung aufmerksam werden, bitte ich um einen\u00a0entsprechenden Hinweis. Bei Bekanntwerden von Rechtsverletzungen werde ich derartige Inhalte umgehend entfernen.<\/p><p>Source: <a href=\"Quelle: https:\/\/www.e-recht24.de\/impressum-generator.html\" target=\"_new\" rel=\"noopener\">Quelle: https:\/\/www.e-recht24.de\/impressum-generator.html<\/a><\/p>\t\t\t\t\t\t\t\t<\/div>\n\t\t\t\t<\/div>\n\t\t\t\t\t<\/div>\n\t\t<\/div>\n\t\t\t\t\t<\/div>\n\t\t<\/section>\n\t\t\t\t<\/div>","protected":false},"excerpt":{"rendered":"<p>IMPRINT Information Obligations According to \u00a75 E-Commerce Law, \u00a714 Commercial Code, \u00a763 Trade Regulations, and Disclosure Obligations According to \u00a724 Media Law. Jewgenia BillianiLeystra\u00dfe 154\/961020 ViennaAustriaEmail: hello@jewgeniabilliani.com Business Activity: Professional&#8230;<\/p>","protected":false},"author":1,"featured_media":0,"parent":0,"menu_order":0,"comment_status":"closed","ping_status":"closed","template":"elementor_header_footer","meta":{"_uf_show_specific_survey":0,"_uf_disable_surveys":false,"footnotes":""},"categories":[],"tags":[],"class_list":["post-4617","page","type-page","status-publish","hentry"],"yoast_head":"<!-- This site is optimized with the Yoast SEO plugin v27.5 - https:\/\/yoast.com\/product\/yoast-seo-wordpress\/ -->\n<title>Imprint | Jewgenia Billiani<\/title>\n<meta name=\"robots\" content=\"index, follow, max-snippet:-1, max-image-preview:large, max-video-preview:-1\" \/>\n<link rel=\"canonical\" href=\"https:\/\/jewgeniabilliani.com\/de\/imprint\/\" \/>\n<meta property=\"og:locale\" content=\"de_DE\" \/>\n<meta property=\"og:type\" content=\"article\" \/>\n<meta property=\"og:title\" content=\"Imprint | Jewgenia Billiani\" \/>\n<meta property=\"og:description\" content=\"IMPRINT Information Obligations According to \u00a75 E-Commerce Law, \u00a714 Commercial Code, \u00a763 Trade Regulations, and Disclosure Obligations According to \u00a724 Media Law. Jewgenia BillianiLeystra\u00dfe 154\/961020 ViennaAustriaEmail: hello@jewgeniabilliani.com Business Activity: Professional...\" \/>\n<meta property=\"og:url\" content=\"https:\/\/jewgeniabilliani.com\/de\/imprint\/\" \/>\n<meta property=\"og:site_name\" content=\"Jewgenia Billiani\" \/>\n<meta property=\"article:publisher\" content=\"https:\/\/www.facebook.com\/jewgeniabilliani\" \/>\n<meta property=\"article:modified_time\" content=\"2024-12-12T13:34:39+00:00\" \/>\n<meta name=\"twitter:card\" content=\"summary_large_image\" \/>\n<meta name=\"twitter:site\" content=\"@jewgeniabilliani\" \/>\n<meta name=\"twitter:label1\" content=\"Gesch\u00e4tzte Lesezeit\" \/>\n\t<meta name=\"twitter:data1\" content=\"3\u00a0Minuten\" \/>\n<script type=\"application\/ld+json\" class=\"yoast-schema-graph\">{\"@context\":\"https:\\\/\\\/schema.org\",\"@graph\":[{\"@type\":\"WebPage\",\"@id\":\"https:\\\/\\\/jewgeniabilliani.com\\\/imprint\\\/\",\"url\":\"https:\\\/\\\/jewgeniabilliani.com\\\/imprint\\\/\",\"name\":\"Imprint | Jewgenia Billiani\",\"isPartOf\":{\"@id\":\"https:\\\/\\\/jewgeniabilliani.com\\\/#website\"},\"datePublished\":\"2022-11-08T07:07:32+00:00\",\"dateModified\":\"2024-12-12T13:34:39+00:00\",\"breadcrumb\":{\"@id\":\"https:\\\/\\\/jewgeniabilliani.com\\\/imprint\\\/#breadcrumb\"},\"inLanguage\":\"de\",\"potentialAction\":[{\"@type\":\"ReadAction\",\"target\":[\"https:\\\/\\\/jewgeniabilliani.com\\\/imprint\\\/\"]}]},{\"@type\":\"BreadcrumbList\",\"@id\":\"https:\\\/\\\/jewgeniabilliani.com\\\/imprint\\\/#breadcrumb\",\"itemListElement\":[{\"@type\":\"ListItem\",\"position\":1,\"name\":\"Startseite\",\"item\":\"https:\\\/\\\/jewgeniabilliani.com\\\/\"},{\"@type\":\"ListItem\",\"position\":2,\"name\":\"Imprint\"}]},{\"@type\":\"WebSite\",\"@id\":\"https:\\\/\\\/jewgeniabilliani.com\\\/#website\",\"url\":\"https:\\\/\\\/jewgeniabilliani.com\\\/\",\"name\":\"jewgeniabilliani.com\",\"description\":\"Your wedding photographer in Vienna and Europe\",\"publisher\":{\"@id\":\"https:\\\/\\\/jewgeniabilliani.com\\\/#\\\/schema\\\/person\\\/e36c991795d0fb214a72c0b2ff93a4a8\"},\"potentialAction\":[{\"@type\":\"SearchAction\",\"target\":{\"@type\":\"EntryPoint\",\"urlTemplate\":\"https:\\\/\\\/jewgeniabilliani.com\\\/?s={search_term_string}\"},\"query-input\":{\"@type\":\"PropertyValueSpecification\",\"valueRequired\":true,\"valueName\":\"search_term_string\"}}],\"inLanguage\":\"de\"},{\"@type\":[\"Person\",\"Organization\"],\"@id\":\"https:\\\/\\\/jewgeniabilliani.com\\\/#\\\/schema\\\/person\\\/e36c991795d0fb214a72c0b2ff93a4a8\",\"name\":\"jewgeniabilliani\",\"image\":{\"@type\":\"ImageObject\",\"inLanguage\":\"de\",\"@id\":\"https:\\\/\\\/jewgeniabilliani.com\\\/wp-content\\\/uploads\\\/2022\\\/10\\\/DSF5864-scaled.jpg\",\"url\":\"https:\\\/\\\/jewgeniabilliani.com\\\/wp-content\\\/uploads\\\/2022\\\/10\\\/DSF5864-scaled.jpg\",\"contentUrl\":\"https:\\\/\\\/jewgeniabilliani.com\\\/wp-content\\\/uploads\\\/2022\\\/10\\\/DSF5864-scaled.jpg\",\"width\":1707,\"height\":2560,\"caption\":\"jewgeniabilliani\"},\"logo\":{\"@id\":\"https:\\\/\\\/jewgeniabilliani.com\\\/wp-content\\\/uploads\\\/2022\\\/10\\\/DSF5864-scaled.jpg\"},\"sameAs\":[\"https:\\\/\\\/jewgeniabilliani.com\",\"https:\\\/\\\/www.facebook.com\\\/jewgeniabilliani\",\"https:\\\/\\\/www.instagram.com\\\/jewgeniabilliani\\\/\",\"https:\\\/\\\/www.pinterest.de\\\/jewgeniabilliani\",\"https:\\\/\\\/x.com\\\/jewgeniabilliani\"]}]}<\/script>\n<!-- \/ Yoast SEO plugin. -->","yoast_head_json":{"title":"Imprint | Jewgenia Billiani","robots":{"index":"index","follow":"follow","max-snippet":"max-snippet:-1","max-image-preview":"max-image-preview:large","max-video-preview":"max-video-preview:-1"},"canonical":"https:\/\/jewgeniabilliani.com\/de\/imprint\/","og_locale":"de_DE","og_type":"article","og_title":"Imprint | Jewgenia Billiani","og_description":"IMPRINT Information Obligations According to \u00a75 E-Commerce Law, \u00a714 Commercial Code, \u00a763 Trade Regulations, and Disclosure Obligations According to \u00a724 Media Law. Jewgenia BillianiLeystra\u00dfe 154\/961020 ViennaAustriaEmail: hello@jewgeniabilliani.com Business Activity: Professional...","og_url":"https:\/\/jewgeniabilliani.com\/de\/imprint\/","og_site_name":"Jewgenia Billiani","article_publisher":"https:\/\/www.facebook.com\/jewgeniabilliani","article_modified_time":"2024-12-12T13:34:39+00:00","twitter_card":"summary_large_image","twitter_site":"@jewgeniabilliani","twitter_misc":{"Gesch\u00e4tzte Lesezeit":"3\u00a0Minuten"},"schema":{"@context":"https:\/\/schema.org","@graph":[{"@type":"WebPage","@id":"https:\/\/jewgeniabilliani.com\/imprint\/","url":"https:\/\/jewgeniabilliani.com\/imprint\/","name":"Imprint | Jewgenia Billiani","isPartOf":{"@id":"https:\/\/jewgeniabilliani.com\/#website"},"datePublished":"2022-11-08T07:07:32+00:00","dateModified":"2024-12-12T13:34:39+00:00","breadcrumb":{"@id":"https:\/\/jewgeniabilliani.com\/imprint\/#breadcrumb"},"inLanguage":"de","potentialAction":[{"@type":"ReadAction","target":["https:\/\/jewgeniabilliani.com\/imprint\/"]}]},{"@type":"BreadcrumbList","@id":"https:\/\/jewgeniabilliani.com\/imprint\/#breadcrumb","itemListElement":[{"@type":"ListItem","position":1,"name":"Startseite","item":"https:\/\/jewgeniabilliani.com\/"},{"@type":"ListItem","position":2,"name":"Imprint"}]},{"@type":"WebSite","@id":"https:\/\/jewgeniabilliani.com\/#website","url":"https:\/\/jewgeniabilliani.com\/","name":"jewgeniabilliani.com","description":"Your wedding photographer in Vienna and Europe","publisher":{"@id":"https:\/\/jewgeniabilliani.com\/#\/schema\/person\/e36c991795d0fb214a72c0b2ff93a4a8"},"potentialAction":[{"@type":"SearchAction","target":{"@type":"EntryPoint","urlTemplate":"https:\/\/jewgeniabilliani.com\/?s={search_term_string}"},"query-input":{"@type":"PropertyValueSpecification","valueRequired":true,"valueName":"search_term_string"}}],"inLanguage":"de"},{"@type":["Person","Organization"],"@id":"https:\/\/jewgeniabilliani.com\/#\/schema\/person\/e36c991795d0fb214a72c0b2ff93a4a8","name":"jewgeniabilliani","image":{"@type":"ImageObject","inLanguage":"de","@id":"https:\/\/jewgeniabilliani.com\/wp-content\/uploads\/2022\/10\/DSF5864-scaled.jpg","url":"https:\/\/jewgeniabilliani.com\/wp-content\/uploads\/2022\/10\/DSF5864-scaled.jpg","contentUrl":"https:\/\/jewgeniabilliani.com\/wp-content\/uploads\/2022\/10\/DSF5864-scaled.jpg","width":1707,"height":2560,"caption":"jewgeniabilliani"},"logo":{"@id":"https:\/\/jewgeniabilliani.com\/wp-content\/uploads\/2022\/10\/DSF5864-scaled.jpg"},"sameAs":["https:\/\/jewgeniabilliani.com","https:\/\/www.facebook.com\/jewgeniabilliani","https:\/\/www.instagram.com\/jewgeniabilliani\/","https:\/\/www.pinterest.de\/jewgeniabilliani","https:\/\/x.com\/jewgeniabilliani"]}]}},"_links":{"self":[{"href":"https:\/\/jewgeniabilliani.com\/de\/wp-json\/wp\/v2\/pages\/4617","targetHints":{"allow":["GET"]}}],"collection":[{"href":"https:\/\/jewgeniabilliani.com\/de\/wp-json\/wp\/v2\/pages"}],"about":[{"href":"https:\/\/jewgeniabilliani.com\/de\/wp-json\/wp\/v2\/types\/page"}],"author":[{"embeddable":true,"href":"https:\/\/jewgeniabilliani.com\/de\/wp-json\/wp\/v2\/users\/1"}],"replies":[{"embeddable":true,"href":"https:\/\/jewgeniabilliani.com\/de\/wp-json\/wp\/v2\/comments?post=4617"}],"version-history":[{"count":10,"href":"https:\/\/jewgeniabilliani.com\/de\/wp-json\/wp\/v2\/pages\/4617\/revisions"}],"predecessor-version":[{"id":7715,"href":"https:\/\/jewgeniabilliani.com\/de\/wp-json\/wp\/v2\/pages\/4617\/revisions\/7715"}],"wp:attachment":[{"href":"https:\/\/jewgeniabilliani.com\/de\/wp-json\/wp\/v2\/media?parent=4617"}],"wp:term":[{"taxonomy":"category","embeddable":true,"href":"https:\/\/jewgeniabilliani.com\/de\/wp-json\/wp\/v2\/categories?post=4617"},{"taxonomy":"post_tag","embeddable":true,"href":"https:\/\/jewgeniabilliani.com\/de\/wp-json\/wp\/v2\/tags?post=4617"}],"curies":[{"name":"wp","href":"https:\/\/api.w.org\/{rel}","templated":true}]}}