{"id":49,"date":"2023-11-27T13:07:17","date_gmt":"2023-11-27T13:07:17","guid":{"rendered":"https:\/\/lilou.mauvestudio.co\/?page_id=49"},"modified":"2026-02-25T00:44:33","modified_gmt":"2026-02-24T23:44:33","slug":"contact","status":"publish","type":"page","link":"https:\/\/jewgeniabilliani.com\/de\/contact\/","title":{"rendered":"Kontakt"},"content":{"rendered":"<div data-elementor-type=\"wp-page\" data-elementor-id=\"49\" class=\"elementor elementor-49\" data-elementor-post-type=\"page\">\n\t\t\t\t<div class=\"elementor-element elementor-element-988903f e-con-full e-flex e-con e-parent\" data-id=\"988903f\" data-element_type=\"container\" data-e-type=\"container\" data-settings=\"{&quot;background_background&quot;:&quot;classic&quot;,&quot;mauve_ext_is_background_parallax&quot;:&quot;false&quot;}\">\n\t\t<div class=\"elementor-element elementor-element-ca1f732 e-con-full e-flex e-con e-child\" data-id=\"ca1f732\" data-element_type=\"container\" data-e-type=\"container\">\n\t\t\t\t<div data-animation-type=\"block\" class=\"elementor-element elementor-element-1f526bd animated-slow elementor-widget__width-initial mauve-separator-align-center elementor-widget elementor-widget-mauve-fancy_heading\" data-id=\"1f526bd\" data-element_type=\"widget\" data-e-type=\"widget\" data-settings=\"{&quot;_animation&quot;:&quot;none&quot;,&quot;mauve_hidepaged&quot;:&quot;false&quot;}\" data-widget_type=\"mauve-fancy_heading.default\">\n\t\t\t\t<div class=\"elementor-widget-container\">\n\t\t\t\t\t\t\t<div class=\"mauve-fancy-heading mauve-heading-text-center\">\n\t\t\t<div class=\"mauve-fancy-heading-inner\">\n\t\t\t\t<h1 class=\"mauve-heading-title\">KONTAKT<\/h1><div class=\"mauve-heading-content entry-content\"><p>Eure Geschichte verdient mehr als nur Fotos \u2013 sie verdient Aufmerksamkeit, Hingabe und eine Fotografin, die eure Vision wirklich versteht. Ich freue mich darauf, mehr \u00fcber euch, eure Pl\u00e4ne und all die kleinen Details zu erfahren, die euren Tag einzigartig machen.<\/p>\n<p>Ich melde mich innerhalb von 24\u201348 Stunden bei euch zur\u00fcck. Falls ihr keine Antwort erhalten habt, \u00fcberpr\u00fcft bitte euren Spam-Ordner oder schreibt mir direkt an hello@jewgeniabilliani.com oder per WhatsApp. Bitte beachtet, dass ich keine Anrufe entgegennehmen kann.<\/p>\n<p>Ich halte eure Geschichte fest \u2013 ehrlich, stilvoll und mit einem Hauch von ungezwungenem Editorial.<\/p>\n<\/div>\t\t\t<\/div>\n\t\t<\/div>\n\t\t\t\t\t\t<\/div>\n\t\t\t\t<\/div>\n\t\t\t\t<\/div>\n\t\t<div class=\"elementor-element elementor-element-7f2b3bd e-con-full e-flex e-con e-child\" data-id=\"7f2b3bd\" data-element_type=\"container\" data-e-type=\"container\" data-settings=\"{&quot;background_background&quot;:&quot;classic&quot;,&quot;mauve_ext_is_background_parallax&quot;:&quot;false&quot;}\">\n\t\t\t\t<\/div>\n\t\t\t\t<\/div>\n\t\t<div class=\"elementor-element elementor-element-c5960c2 e-flex e-con-boxed e-con e-parent\" data-id=\"c5960c2\" data-element_type=\"container\" data-e-type=\"container\">\n\t\t\t\t\t<div class=\"e-con-inner\">\n\t\t\t\t<div class=\"elementor-element elementor-element-bcaa0ec elementor-widget elementor-widget-spacer\" data-id=\"bcaa0ec\" data-element_type=\"widget\" data-e-type=\"widget\" data-settings=\"{&quot;mauve_hidepaged&quot;:&quot;false&quot;}\" data-widget_type=\"spacer.default\">\n\t\t\t\t<div class=\"elementor-widget-container\">\n\t\t\t\t\t\t\t<div class=\"elementor-spacer\">\n\t\t\t<div class=\"elementor-spacer-inner\"><\/div>\n\t\t<\/div>\n\t\t\t\t\t\t<\/div>\n\t\t\t\t<\/div>\n\t\t\t\t\t<\/div>\n\t\t\t\t<\/div>\n\t\t<div data-animation-type=\"block\" class=\"elementor-element elementor-element-6857816 e-flex e-con-boxed e-con e-parent\" data-id=\"6857816\" data-element_type=\"container\" data-e-type=\"container\" data-settings=\"{&quot;animation&quot;:&quot;none&quot;}\">\n\t\t\t\t\t<div class=\"e-con-inner\">\n\t\t\t\t<div class=\"elementor-element elementor-element-c83b1f3 elementor-widget elementor-widget-html\" data-id=\"c83b1f3\" data-element_type=\"widget\" data-e-type=\"widget\" data-settings=\"{&quot;mauve_hidepaged&quot;:&quot;false&quot;}\" data-widget_type=\"html.default\">\n\t\t\t\t<div class=\"elementor-widget-container\">\n\t\t\t\t\t<iframe width=\"100%\" height=\"1250\" src=\"https:\/\/www.fotostudio.io\/lead_forms\/13944\" frameborder=\"0\" allowfullscreen><\/iframe>\t\t\t\t<\/div>\n\t\t\t\t<\/div>\n\t\t\t\t\t<\/div>\n\t\t\t\t<\/div>\n\t\t\t\t<\/div>","protected":false},"excerpt":{"rendered":"<p>GET IN TOUCH Your story deserves more than just photos\u2014it deserves care, attention, and someone who truly understands your vision. Whether you&#8217;re planning an intimate elopement or a grand celebration,&#8230;<\/p>","protected":false},"author":1,"featured_media":0,"parent":0,"menu_order":0,"comment_status":"closed","ping_status":"closed","template":"","meta":{"_uf_show_specific_survey":0,"_uf_disable_surveys":false,"footnotes":""},"categories":[],"tags":[],"class_list":["post-49","page","type-page","status-publish","hentry"],"yoast_head":"<!-- This site is optimized with the Yoast SEO plugin v27.5 - https:\/\/yoast.com\/product\/yoast-seo-wordpress\/ -->\n<title>Contact | Wedding Photography by Jewgenia Billiani<\/title>\n<meta name=\"description\" content=\"Looking for timeless, artsy and editorial wedding photography? Contact me to check availability, pricing and discuss your vision.\" \/>\n<meta name=\"robots\" content=\"index, follow, max-snippet:-1, max-image-preview:large, max-video-preview:-1\" \/>\n<link rel=\"canonical\" href=\"https:\/\/jewgeniabilliani.com\/de\/contact\/\" \/>\n<meta property=\"og:locale\" content=\"de_DE\" \/>\n<meta property=\"og:type\" content=\"article\" \/>\n<meta property=\"og:title\" content=\"Contact | Wedding Photography by Jewgenia Billiani\" \/>\n<meta property=\"og:description\" content=\"Looking for timeless, artsy and editorial wedding photography? Contact me to check availability, pricing and discuss your vision.\" \/>\n<meta property=\"og:url\" content=\"https:\/\/jewgeniabilliani.com\/de\/contact\/\" \/>\n<meta property=\"og:site_name\" content=\"Jewgenia Billiani\" \/>\n<meta property=\"article:publisher\" content=\"https:\/\/www.facebook.com\/jewgeniabilliani\" \/>\n<meta property=\"article:modified_time\" content=\"2026-02-24T23:44:33+00:00\" \/>\n<meta name=\"twitter:card\" content=\"summary_large_image\" \/>\n<meta name=\"twitter:site\" content=\"@jewgeniabilliani\" \/>\n<meta name=\"twitter:label1\" content=\"Gesch\u00e4tzte Lesezeit\" \/>\n\t<meta name=\"twitter:data1\" content=\"1\u00a0Minute\" \/>\n<script type=\"application\/ld+json\" class=\"yoast-schema-graph\">{\"@context\":\"https:\\\/\\\/schema.org\",\"@graph\":[{\"@type\":\"WebPage\",\"@id\":\"https:\\\/\\\/jewgeniabilliani.com\\\/contact\\\/\",\"url\":\"https:\\\/\\\/jewgeniabilliani.com\\\/contact\\\/\",\"name\":\"Contact | Wedding Photography by Jewgenia Billiani\",\"isPartOf\":{\"@id\":\"https:\\\/\\\/jewgeniabilliani.com\\\/#website\"},\"datePublished\":\"2023-11-27T13:07:17+00:00\",\"dateModified\":\"2026-02-24T23:44:33+00:00\",\"description\":\"Looking for timeless, artsy and editorial wedding photography? Contact me to check availability, pricing and discuss your vision.\",\"breadcrumb\":{\"@id\":\"https:\\\/\\\/jewgeniabilliani.com\\\/contact\\\/#breadcrumb\"},\"inLanguage\":\"de\",\"potentialAction\":[{\"@type\":\"ReadAction\",\"target\":[\"https:\\\/\\\/jewgeniabilliani.com\\\/contact\\\/\"]}]},{\"@type\":\"BreadcrumbList\",\"@id\":\"https:\\\/\\\/jewgeniabilliani.com\\\/contact\\\/#breadcrumb\",\"itemListElement\":[{\"@type\":\"ListItem\",\"position\":1,\"name\":\"Startseite\",\"item\":\"https:\\\/\\\/jewgeniabilliani.com\\\/\"},{\"@type\":\"ListItem\",\"position\":2,\"name\":\"Contact\"}]},{\"@type\":\"WebSite\",\"@id\":\"https:\\\/\\\/jewgeniabilliani.com\\\/#website\",\"url\":\"https:\\\/\\\/jewgeniabilliani.com\\\/\",\"name\":\"jewgeniabilliani.com\",\"description\":\"Your wedding photographer in Vienna and Europe\",\"publisher\":{\"@id\":\"https:\\\/\\\/jewgeniabilliani.com\\\/#\\\/schema\\\/person\\\/e36c991795d0fb214a72c0b2ff93a4a8\"},\"potentialAction\":[{\"@type\":\"SearchAction\",\"target\":{\"@type\":\"EntryPoint\",\"urlTemplate\":\"https:\\\/\\\/jewgeniabilliani.com\\\/?s={search_term_string}\"},\"query-input\":{\"@type\":\"PropertyValueSpecification\",\"valueRequired\":true,\"valueName\":\"search_term_string\"}}],\"inLanguage\":\"de\"},{\"@type\":[\"Person\",\"Organization\"],\"@id\":\"https:\\\/\\\/jewgeniabilliani.com\\\/#\\\/schema\\\/person\\\/e36c991795d0fb214a72c0b2ff93a4a8\",\"name\":\"jewgeniabilliani\",\"image\":{\"@type\":\"ImageObject\",\"inLanguage\":\"de\",\"@id\":\"https:\\\/\\\/jewgeniabilliani.com\\\/wp-content\\\/uploads\\\/2022\\\/10\\\/DSF5864-scaled.jpg\",\"url\":\"https:\\\/\\\/jewgeniabilliani.com\\\/wp-content\\\/uploads\\\/2022\\\/10\\\/DSF5864-scaled.jpg\",\"contentUrl\":\"https:\\\/\\\/jewgeniabilliani.com\\\/wp-content\\\/uploads\\\/2022\\\/10\\\/DSF5864-scaled.jpg\",\"width\":1707,\"height\":2560,\"caption\":\"jewgeniabilliani\"},\"logo\":{\"@id\":\"https:\\\/\\\/jewgeniabilliani.com\\\/wp-content\\\/uploads\\\/2022\\\/10\\\/DSF5864-scaled.jpg\"},\"sameAs\":[\"https:\\\/\\\/jewgeniabilliani.com\",\"https:\\\/\\\/www.facebook.com\\\/jewgeniabilliani\",\"https:\\\/\\\/www.instagram.com\\\/jewgeniabilliani\\\/\",\"https:\\\/\\\/www.pinterest.de\\\/jewgeniabilliani\",\"https:\\\/\\\/x.com\\\/jewgeniabilliani\"]}]}<\/script>\n<!-- \/ Yoast SEO plugin. -->","yoast_head_json":{"title":"Contact | Wedding Photography by Jewgenia Billiani","description":"Looking for timeless, artsy and editorial wedding photography? Contact me to check availability, pricing and discuss your vision.","robots":{"index":"index","follow":"follow","max-snippet":"max-snippet:-1","max-image-preview":"max-image-preview:large","max-video-preview":"max-video-preview:-1"},"canonical":"https:\/\/jewgeniabilliani.com\/de\/contact\/","og_locale":"de_DE","og_type":"article","og_title":"Contact | Wedding Photography by Jewgenia Billiani","og_description":"Looking for timeless, artsy and editorial wedding photography? Contact me to check availability, pricing and discuss your vision.","og_url":"https:\/\/jewgeniabilliani.com\/de\/contact\/","og_site_name":"Jewgenia Billiani","article_publisher":"https:\/\/www.facebook.com\/jewgeniabilliani","article_modified_time":"2026-02-24T23:44:33+00:00","twitter_card":"summary_large_image","twitter_site":"@jewgeniabilliani","twitter_misc":{"Gesch\u00e4tzte Lesezeit":"1\u00a0Minute"},"schema":{"@context":"https:\/\/schema.org","@graph":[{"@type":"WebPage","@id":"https:\/\/jewgeniabilliani.com\/contact\/","url":"https:\/\/jewgeniabilliani.com\/contact\/","name":"Contact | Wedding Photography by Jewgenia Billiani","isPartOf":{"@id":"https:\/\/jewgeniabilliani.com\/#website"},"datePublished":"2023-11-27T13:07:17+00:00","dateModified":"2026-02-24T23:44:33+00:00","description":"Looking for timeless, artsy and editorial wedding photography? Contact me to check availability, pricing and discuss your vision.","breadcrumb":{"@id":"https:\/\/jewgeniabilliani.com\/contact\/#breadcrumb"},"inLanguage":"de","potentialAction":[{"@type":"ReadAction","target":["https:\/\/jewgeniabilliani.com\/contact\/"]}]},{"@type":"BreadcrumbList","@id":"https:\/\/jewgeniabilliani.com\/contact\/#breadcrumb","itemListElement":[{"@type":"ListItem","position":1,"name":"Startseite","item":"https:\/\/jewgeniabilliani.com\/"},{"@type":"ListItem","position":2,"name":"Contact"}]},{"@type":"WebSite","@id":"https:\/\/jewgeniabilliani.com\/#website","url":"https:\/\/jewgeniabilliani.com\/","name":"jewgeniabilliani.com","description":"Your wedding photographer in Vienna and Europe","publisher":{"@id":"https:\/\/jewgeniabilliani.com\/#\/schema\/person\/e36c991795d0fb214a72c0b2ff93a4a8"},"potentialAction":[{"@type":"SearchAction","target":{"@type":"EntryPoint","urlTemplate":"https:\/\/jewgeniabilliani.com\/?s={search_term_string}"},"query-input":{"@type":"PropertyValueSpecification","valueRequired":true,"valueName":"search_term_string"}}],"inLanguage":"de"},{"@type":["Person","Organization"],"@id":"https:\/\/jewgeniabilliani.com\/#\/schema\/person\/e36c991795d0fb214a72c0b2ff93a4a8","name":"jewgeniabilliani","image":{"@type":"ImageObject","inLanguage":"de","@id":"https:\/\/jewgeniabilliani.com\/wp-content\/uploads\/2022\/10\/DSF5864-scaled.jpg","url":"https:\/\/jewgeniabilliani.com\/wp-content\/uploads\/2022\/10\/DSF5864-scaled.jpg","contentUrl":"https:\/\/jewgeniabilliani.com\/wp-content\/uploads\/2022\/10\/DSF5864-scaled.jpg","width":1707,"height":2560,"caption":"jewgeniabilliani"},"logo":{"@id":"https:\/\/jewgeniabilliani.com\/wp-content\/uploads\/2022\/10\/DSF5864-scaled.jpg"},"sameAs":["https:\/\/jewgeniabilliani.com","https:\/\/www.facebook.com\/jewgeniabilliani","https:\/\/www.instagram.com\/jewgeniabilliani\/","https:\/\/www.pinterest.de\/jewgeniabilliani","https:\/\/x.com\/jewgeniabilliani"]}]}},"_links":{"self":[{"href":"https:\/\/jewgeniabilliani.com\/de\/wp-json\/wp\/v2\/pages\/49","targetHints":{"allow":["GET"]}}],"collection":[{"href":"https:\/\/jewgeniabilliani.com\/de\/wp-json\/wp\/v2\/pages"}],"about":[{"href":"https:\/\/jewgeniabilliani.com\/de\/wp-json\/wp\/v2\/types\/page"}],"author":[{"embeddable":true,"href":"https:\/\/jewgeniabilliani.com\/de\/wp-json\/wp\/v2\/users\/1"}],"replies":[{"embeddable":true,"href":"https:\/\/jewgeniabilliani.com\/de\/wp-json\/wp\/v2\/comments?post=49"}],"version-history":[{"count":10,"href":"https:\/\/jewgeniabilliani.com\/de\/wp-json\/wp\/v2\/pages\/49\/revisions"}],"predecessor-version":[{"id":8746,"href":"https:\/\/jewgeniabilliani.com\/de\/wp-json\/wp\/v2\/pages\/49\/revisions\/8746"}],"wp:attachment":[{"href":"https:\/\/jewgeniabilliani.com\/de\/wp-json\/wp\/v2\/media?parent=49"}],"wp:term":[{"taxonomy":"category","embeddable":true,"href":"https:\/\/jewgeniabilliani.com\/de\/wp-json\/wp\/v2\/categories?post=49"},{"taxonomy":"post_tag","embeddable":true,"href":"https:\/\/jewgeniabilliani.com\/de\/wp-json\/wp\/v2\/tags?post=49"}],"curies":[{"name":"wp","href":"https:\/\/api.w.org\/{rel}","templated":true}]}}