{"id":8779,"date":"2026-02-27T23:06:02","date_gmt":"2026-02-27T22:06:02","guid":{"rendered":"https:\/\/jewgeniabilliani.com\/privacy-statement-us\/"},"modified":"2026-02-27T23:06:02","modified_gmt":"2026-02-27T22:06:02","slug":"privacy-statement-us","status":"publish","type":"page","link":"https:\/\/jewgeniabilliani.com\/de\/privacy-statement-us\/","title":{"rendered":"Privacy Statement (US)"},"content":{"rendered":"<!-- Legal document generated by Complianz | GDPR\/CCPA Cookie Consent https:\/\/wordpress.org\/plugins\/complianz-gdpr -->\n<div id=\"cmplz-document\" class=\"cmplz-document privacy-statement cmplz-document-us\"><p><i>This privacy statement was last changed on 27. Februar 2026, last checked on 27. Februar 2026, and applies to citizens and legal permanent residents of the United States.<\/i><br \/><br \/><\/p><p>In this privacy statement, we explain what we do with the data we obtain about you via <a href=\"https:\/\/jewgeniabilliani.com\/de\">https:\/\/jewgeniabilliani.com\/de<\/a>. We recommend you carefully read this statement. In our processing we comply with the requirements of privacy legislation. That means, among other things, that:<ul>\n                <li>we clearly state the purposes for which we process personal data. We do this by means of this privacy statement;<\/li>\n                <li>we aim to limit our collection of personal data to only the personal data required for legitimate purposes;<\/li>\n                <li>we first request your explicit consent to process your personal data in cases requiring your consent;<\/li>\n                <li>we take appropriate security measures to protect your personal data and also require this from parties that process personal data on our behalf;<\/li>\n                <li>we respect your right to access your personal data or have it corrected or deleted, at your request.<\/li>\n            <\/ul><\/p><p>If you have any questions, or want to know exactly what data we keep of you, please contact us.<\/p><h2>1. Zweck und Kategorien von Daten<\/h2><p>Wir k\u00f6nnen personenbezogene Daten f\u00fcr eine Reihe von Zwecken im Zusammenhang mit unserer Gesch\u00e4ftst\u00e4tigkeit sammeln oder erhalten, darunter die folgenden: (zum Vergr\u00f6\u00dfern anklicken)<\/b><\/p><details class=\"cmplz-dropdown dropdown-privacy-statement\"><summary><div><h3>1.1 Kontakt - per Telefon, Post, E-Mail und\/oder Webformate<\/h3><\/div><\/summary><p class=\"cmplz-subtitle\">Die folgenden Datenkategorien werden erfasst<\/p><p><ul><li>Ein Vor- und Nachname<\/li><li>Eine E-Mail-Adresse<\/li><li>Ein Zuhause oder andere physische Adresse, einschlie\u00dflich Stra\u00dfenname und Name der Stadt\/Ort<\/li><li>Eine Telefonnummer<\/li><li>IP-Adresse<\/li><li>Informationen \u00fcber Internetaktivit\u00e4ten, einschlie\u00dflich, aber nicht ausschlie\u00dflich, Browserverlauf, Suchverlauf und Informationen \u00fcber die Interaktionen des Kunden mit einer Internetseite, einem Programm oder einer Werbung<\/li><li>Geolokalisierungsdaten<\/li><\/ul><\/p><p class=\"cmplz-subtitle\">Bewahrungsfrist<\/p><p>Wir speichern diese Daten bei Beendigung des Dienstes f\u00fcr die folgenden Monate: 12-84<\/p><\/details><details class=\"cmplz-dropdown dropdown-privacy-statement\"><summary><div><h3>1.2 Zahlungen<\/h3><\/div><\/summary><p class=\"cmplz-subtitle\">Die folgenden Datenkategorien werden erfasst<\/p><p><ul><li>Ein Vor- und Nachname<\/li><li>Ein Zuhause oder andere physische Adresse, einschlie\u00dflich Stra\u00dfenname und Name der Stadt\/Ort<\/li><li>Eine E-Mail-Adresse<\/li><\/ul><\/p><p class=\"cmplz-subtitle\">Bewahrungsfrist<\/p><p>Wir speichern diese Daten bei Beendigung des Dienstes f\u00fcr die folgenden Monate: 12-84<\/p><\/details><details class=\"cmplz-dropdown dropdown-privacy-statement\"><summary><div><h3>1.3 Rundschreiben<\/h3><\/div><\/summary><p class=\"cmplz-subtitle\">Die folgenden Datenkategorien werden erfasst<\/p><p><ul><li>Ein Vor- und Nachname<\/li><li>Eine E-Mail-Adresse<\/li><\/ul><\/p><p class=\"cmplz-subtitle\">Bewahrungsfrist<\/p><p>Wir speichern diese Daten bei Beendigung des Dienstes f\u00fcr die folgenden Monate: 84<\/p><\/details><details class=\"cmplz-dropdown dropdown-privacy-statement\"><summary><div><h3>1.4 Zur Unterst\u00fctzung von Dienstleistungen oder Produkten, die ein Kunde kaufen m\u00f6chte oder gekauft hat<\/h3><\/div><\/summary><p class=\"cmplz-subtitle\">Die folgenden Datenkategorien werden erfasst<\/p><p><ul><li>Ein Vor- und Nachname<\/li><li>Ein Zuhause oder andere physische Adresse, einschlie\u00dflich Stra\u00dfenname und Name der Stadt\/Ort<\/li><li>Eine E-Mail-Adresse<\/li><li>Eine Telefonnummer<\/li><\/ul><\/p><p class=\"cmplz-subtitle\">Bewahrungsfrist<\/p><p>Bei Beendigung des Dienstes behalten wir diese Daten f\u00fcr folgende Zeitr\u00e4ume: 14 months.<\/p><\/details><details class=\"cmplz-dropdown dropdown-privacy-statement\"><summary><div><h3>1.5 Erstellung und Analyse von Statistiken zur Verbesserung der Website.<\/h3><\/div><\/summary><p class=\"cmplz-subtitle\">Die folgenden Datenkategorien werden erfasst<\/p><p><ul><li>IP-Adresse<\/li><li>Informationen \u00fcber Internetaktivit\u00e4ten, einschlie\u00dflich, aber nicht ausschlie\u00dflich, Browserverlauf, Suchverlauf und Informationen \u00fcber die Interaktionen des Kunden mit einer Internetseite, einem Programm oder einer Werbung<\/li><li>Geolokalisierungsdaten<\/li><\/ul><\/p><p class=\"cmplz-subtitle\">Bewahrungsfrist<\/p><p>Bei Beendigung des Dienstes behalten wir diese Daten f\u00fcr folgende Zeitr\u00e4ume: 14 months.<\/p><\/details><h2>2. Sharing with other parties<\/h2><p>We only share or disclose this data to other recipients for the following purposes:<\/p><h2>3. Disclosure practices<\/h2><p><p>Wir legen personenbezogene Daten offen, wenn wir gesetzlich oder per Gerichtsbeschluss dazu verpflichtet sind, z. B. auf Anforderung einer Strafverfolgungsbeh\u00f6rde, soweit dies im Rahmen der gesetzlichen Bestimmungen zul\u00e4ssig ist, um Ausk\u00fcnfte zu erteilen, oder f\u00fcr eine Untersuchung in einer Angelegenheit, die die \u00f6ffentliche Sicherheit betrifft.<\/p><p>Wenn unsere Website oder unser Unternehmen im Rahmen einer Fusion oder \u00dcbernahme \u00fcbernommen oder verkauft wird, k\u00f6nnen deinen Daten unseren Beratern und potenziellen K\u00e4ufern offengelegt und an die neuen Eigent\u00fcmer \u00fcbermittelt werden.<\/p><\/p><h2>4. How we respond to Do Not Track signals &amp; Global Privacy Control <\/h2><p>Our website responds to and supports the Do Not Track (DNT) header request field. If you turn DNT on in your browser, those preferences are communicated to us in the HTTP request header, and we will not track your browsing behavior.<\/p><h2>5. Cookies<\/h2><p>Our website uses cookies. For more information about cookies, please refer to our Cookie Policy on our <a href=\"https:\/\/jewgeniabilliani.com\/de\/opt-out-preferences\/\">Opt-out preferences<\/a> webpage.&nbsp;<\/p><p>We have concluded a data processing agreement with Google.<\/p><p>Google may not use the data for any other Google services.<\/p><p>The inclusion of full IP addresses is blocked by us.<\/p><h2>6. Security<\/h2><p>We are committed to the security of personal data. We take appropriate security measures to limit abuse of and unauthorized access to personal data. This ensures that only the necessary persons have access to your data, that access to the data is protected, and that our security measures are regularly reviewed.<\/p><h2>7. Third-party websites<\/h2><p>This privacy statement does not apply to third-party websites connected by links on our website. We cannot guarantee that these third parties handle your personal data in a reliable or secure manner. We recommend you read the privacy statements of these websites prior to making use of these websites.<\/p><h2>8. Amendments to this privacy statement<\/h2><p>We reserve the right to make amendments to this privacy statement. It is recommended that you consult this privacy statement regularly in order to be aware of any changes. In addition, we will actively inform you wherever possible.<\/p><h2>9. Accessing and modifying your data<\/h2><p>If you have any questions or want to know which personal data we have about you, please contact us. Please make sure to always clearly state who you are, so that we can be certain that we do not modify or delete any data of the wrong person. We shall provide the requested information only upon receipt of a verifiable consumer request. You can contact us by using the information below. You have the following rights:<\/p><p class=\"cmplz-subtitle\">9.1 You have the following rights with respect to your personal data<\/p><ol class=\"alphabetic\">\n                        <li>You may submit a request for access to the data we process about you.<\/li>\n                        <li>You may object to the processing.<\/li>\n                        <li>You may request an overview, in a commonly used format, of the data we process about you.<\/li>\n                        <li>You may request correction or deletion of the data if it is incorrect or not or no longer relevant, or to ask to restrict the processing of the data.<\/li>\n                        <li>You may appeal our decision whenever we refuse to take action on a request and submit a complaint with the competent authority if your appeal is denied.<\/li>\n                      <\/ol><h2>10. Children<\/h2><p>Our website is not designed to attract children and it is not our intent to collect personal data from children under the age of consent in their country of residence. We therefore request that children under the age of consent do not submit any personal data to us.<\/p><h2>11. Contact details<\/h2><p>Jewgenia Billiani<br \/>\n        Leystra\u00dfe 154\/96<br \/>\n        \u00d6sterreich<br \/>\n        Website: <a href=\"https:\/\/jewgeniabilliani.com\/de\">https:\/\/jewgeniabilliani.com\/de<\/a> <br \/>\n        Email: <span class=\"cmplz-obfuscate\">&#104;&#101;&#108;&#108;&#111;@<span class=\"cmplz-fmail-domain\">&#101;x&#046;&#099;om<\/span>jewge&#110;ia&#098;ill&#105;&#097;&#110;i&#046;&#099;om<\/span> <br \/>\n        <br \/>\n        <\/p><\/div>","protected":false},"excerpt":{"rendered":"<p><\/p>","protected":false},"author":1,"featured_media":0,"parent":0,"menu_order":0,"comment_status":"closed","ping_status":"closed","template":"","meta":{"_uf_show_specific_survey":0,"_uf_disable_surveys":false,"footnotes":""},"categories":[],"tags":[],"class_list":["post-8779","page","type-page","status-publish","hentry"],"yoast_head":"<!-- This site is optimized with the Yoast SEO plugin v27.3 - https:\/\/yoast.com\/product\/yoast-seo-wordpress\/ -->\n<title>Privacy Statement (US) | Jewgenia Billiani<\/title>\n<meta name=\"robots\" content=\"index, follow, max-snippet:-1, max-image-preview:large, max-video-preview:-1\" \/>\n<link rel=\"canonical\" href=\"https:\/\/jewgeniabilliani.com\/de\/privacy-statement-us\/\" \/>\n<meta property=\"og:locale\" content=\"de_DE\" \/>\n<meta property=\"og:type\" content=\"article\" \/>\n<meta property=\"og:title\" content=\"Privacy Statement (US) | Jewgenia Billiani\" \/>\n<meta property=\"og:url\" content=\"https:\/\/jewgeniabilliani.com\/de\/privacy-statement-us\/\" \/>\n<meta property=\"og:site_name\" content=\"Jewgenia Billiani\" \/>\n<meta property=\"article:publisher\" content=\"https:\/\/www.facebook.com\/jewgeniabilliani\" \/>\n<meta name=\"twitter:card\" content=\"summary_large_image\" \/>\n<meta name=\"twitter:site\" content=\"@jewgeniabilliani\" \/>\n<script type=\"application\/ld+json\" class=\"yoast-schema-graph\">{\"@context\":\"https:\\\/\\\/schema.org\",\"@graph\":[{\"@type\":\"WebPage\",\"@id\":\"https:\\\/\\\/jewgeniabilliani.com\\\/privacy-statement-us\\\/\",\"url\":\"https:\\\/\\\/jewgeniabilliani.com\\\/privacy-statement-us\\\/\",\"name\":\"Privacy Statement (US) | Jewgenia Billiani\",\"isPartOf\":{\"@id\":\"https:\\\/\\\/jewgeniabilliani.com\\\/#website\"},\"datePublished\":\"2026-02-27T22:06:02+00:00\",\"breadcrumb\":{\"@id\":\"https:\\\/\\\/jewgeniabilliani.com\\\/privacy-statement-us\\\/#breadcrumb\"},\"inLanguage\":\"de\",\"potentialAction\":[{\"@type\":\"ReadAction\",\"target\":[\"https:\\\/\\\/jewgeniabilliani.com\\\/privacy-statement-us\\\/\"]}]},{\"@type\":\"BreadcrumbList\",\"@id\":\"https:\\\/\\\/jewgeniabilliani.com\\\/privacy-statement-us\\\/#breadcrumb\",\"itemListElement\":[{\"@type\":\"ListItem\",\"position\":1,\"name\":\"Startseite\",\"item\":\"https:\\\/\\\/jewgeniabilliani.com\\\/\"},{\"@type\":\"ListItem\",\"position\":2,\"name\":\"Privacy Statement (US)\"}]},{\"@type\":\"WebSite\",\"@id\":\"https:\\\/\\\/jewgeniabilliani.com\\\/#website\",\"url\":\"https:\\\/\\\/jewgeniabilliani.com\\\/\",\"name\":\"jewgeniabilliani.com\",\"description\":\"Your wedding photographer in Vienna and Europe\",\"publisher\":{\"@id\":\"https:\\\/\\\/jewgeniabilliani.com\\\/#\\\/schema\\\/person\\\/e36c991795d0fb214a72c0b2ff93a4a8\"},\"potentialAction\":[{\"@type\":\"SearchAction\",\"target\":{\"@type\":\"EntryPoint\",\"urlTemplate\":\"https:\\\/\\\/jewgeniabilliani.com\\\/?s={search_term_string}\"},\"query-input\":{\"@type\":\"PropertyValueSpecification\",\"valueRequired\":true,\"valueName\":\"search_term_string\"}}],\"inLanguage\":\"de\"},{\"@type\":[\"Person\",\"Organization\"],\"@id\":\"https:\\\/\\\/jewgeniabilliani.com\\\/#\\\/schema\\\/person\\\/e36c991795d0fb214a72c0b2ff93a4a8\",\"name\":\"jewgeniabilliani\",\"image\":{\"@type\":\"ImageObject\",\"inLanguage\":\"de\",\"@id\":\"https:\\\/\\\/jewgeniabilliani.com\\\/wp-content\\\/uploads\\\/2022\\\/10\\\/DSF5864-scaled.jpg\",\"url\":\"https:\\\/\\\/jewgeniabilliani.com\\\/wp-content\\\/uploads\\\/2022\\\/10\\\/DSF5864-scaled.jpg\",\"contentUrl\":\"https:\\\/\\\/jewgeniabilliani.com\\\/wp-content\\\/uploads\\\/2022\\\/10\\\/DSF5864-scaled.jpg\",\"width\":1707,\"height\":2560,\"caption\":\"jewgeniabilliani\"},\"logo\":{\"@id\":\"https:\\\/\\\/jewgeniabilliani.com\\\/wp-content\\\/uploads\\\/2022\\\/10\\\/DSF5864-scaled.jpg\"},\"sameAs\":[\"https:\\\/\\\/jewgeniabilliani.com\",\"https:\\\/\\\/www.facebook.com\\\/jewgeniabilliani\",\"https:\\\/\\\/www.instagram.com\\\/jewgeniabilliani\\\/\",\"https:\\\/\\\/www.pinterest.de\\\/jewgeniabilliani\",\"https:\\\/\\\/x.com\\\/jewgeniabilliani\"]}]}<\/script>\n<!-- \/ Yoast SEO plugin. -->","yoast_head_json":{"title":"Privacy Statement (US) | Jewgenia Billiani","robots":{"index":"index","follow":"follow","max-snippet":"max-snippet:-1","max-image-preview":"max-image-preview:large","max-video-preview":"max-video-preview:-1"},"canonical":"https:\/\/jewgeniabilliani.com\/de\/privacy-statement-us\/","og_locale":"de_DE","og_type":"article","og_title":"Privacy Statement (US) | Jewgenia Billiani","og_url":"https:\/\/jewgeniabilliani.com\/de\/privacy-statement-us\/","og_site_name":"Jewgenia Billiani","article_publisher":"https:\/\/www.facebook.com\/jewgeniabilliani","twitter_card":"summary_large_image","twitter_site":"@jewgeniabilliani","schema":{"@context":"https:\/\/schema.org","@graph":[{"@type":"WebPage","@id":"https:\/\/jewgeniabilliani.com\/privacy-statement-us\/","url":"https:\/\/jewgeniabilliani.com\/privacy-statement-us\/","name":"Privacy Statement (US) | Jewgenia Billiani","isPartOf":{"@id":"https:\/\/jewgeniabilliani.com\/#website"},"datePublished":"2026-02-27T22:06:02+00:00","breadcrumb":{"@id":"https:\/\/jewgeniabilliani.com\/privacy-statement-us\/#breadcrumb"},"inLanguage":"de","potentialAction":[{"@type":"ReadAction","target":["https:\/\/jewgeniabilliani.com\/privacy-statement-us\/"]}]},{"@type":"BreadcrumbList","@id":"https:\/\/jewgeniabilliani.com\/privacy-statement-us\/#breadcrumb","itemListElement":[{"@type":"ListItem","position":1,"name":"Startseite","item":"https:\/\/jewgeniabilliani.com\/"},{"@type":"ListItem","position":2,"name":"Privacy Statement (US)"}]},{"@type":"WebSite","@id":"https:\/\/jewgeniabilliani.com\/#website","url":"https:\/\/jewgeniabilliani.com\/","name":"jewgeniabilliani.com","description":"Your wedding photographer in Vienna and Europe","publisher":{"@id":"https:\/\/jewgeniabilliani.com\/#\/schema\/person\/e36c991795d0fb214a72c0b2ff93a4a8"},"potentialAction":[{"@type":"SearchAction","target":{"@type":"EntryPoint","urlTemplate":"https:\/\/jewgeniabilliani.com\/?s={search_term_string}"},"query-input":{"@type":"PropertyValueSpecification","valueRequired":true,"valueName":"search_term_string"}}],"inLanguage":"de"},{"@type":["Person","Organization"],"@id":"https:\/\/jewgeniabilliani.com\/#\/schema\/person\/e36c991795d0fb214a72c0b2ff93a4a8","name":"jewgeniabilliani","image":{"@type":"ImageObject","inLanguage":"de","@id":"https:\/\/jewgeniabilliani.com\/wp-content\/uploads\/2022\/10\/DSF5864-scaled.jpg","url":"https:\/\/jewgeniabilliani.com\/wp-content\/uploads\/2022\/10\/DSF5864-scaled.jpg","contentUrl":"https:\/\/jewgeniabilliani.com\/wp-content\/uploads\/2022\/10\/DSF5864-scaled.jpg","width":1707,"height":2560,"caption":"jewgeniabilliani"},"logo":{"@id":"https:\/\/jewgeniabilliani.com\/wp-content\/uploads\/2022\/10\/DSF5864-scaled.jpg"},"sameAs":["https:\/\/jewgeniabilliani.com","https:\/\/www.facebook.com\/jewgeniabilliani","https:\/\/www.instagram.com\/jewgeniabilliani\/","https:\/\/www.pinterest.de\/jewgeniabilliani","https:\/\/x.com\/jewgeniabilliani"]}]}},"_links":{"self":[{"href":"https:\/\/jewgeniabilliani.com\/de\/wp-json\/wp\/v2\/pages\/8779","targetHints":{"allow":["GET"]}}],"collection":[{"href":"https:\/\/jewgeniabilliani.com\/de\/wp-json\/wp\/v2\/pages"}],"about":[{"href":"https:\/\/jewgeniabilliani.com\/de\/wp-json\/wp\/v2\/types\/page"}],"author":[{"embeddable":true,"href":"https:\/\/jewgeniabilliani.com\/de\/wp-json\/wp\/v2\/users\/1"}],"replies":[{"embeddable":true,"href":"https:\/\/jewgeniabilliani.com\/de\/wp-json\/wp\/v2\/comments?post=8779"}],"version-history":[{"count":0,"href":"https:\/\/jewgeniabilliani.com\/de\/wp-json\/wp\/v2\/pages\/8779\/revisions"}],"wp:attachment":[{"href":"https:\/\/jewgeniabilliani.com\/de\/wp-json\/wp\/v2\/media?parent=8779"}],"wp:term":[{"taxonomy":"category","embeddable":true,"href":"https:\/\/jewgeniabilliani.com\/de\/wp-json\/wp\/v2\/categories?post=8779"},{"taxonomy":"post_tag","embeddable":true,"href":"https:\/\/jewgeniabilliani.com\/de\/wp-json\/wp\/v2\/tags?post=8779"}],"curies":[{"name":"wp","href":"https:\/\/api.w.org\/{rel}","templated":true}]}}